{"id":6983,"date":"2023-08-28T09:25:52","date_gmt":"2023-08-28T14:25:52","guid":{"rendered":"https:\/\/maper-safety.com\/tienda\/?post_type=product&#038;p=6983"},"modified":"2023-08-28T09:25:54","modified_gmt":"2023-08-28T14:25:54","slug":"pertiga-aislante-multifuncion-para-maniobras-cabeza-fija-fameca","status":"publish","type":"product","link":"https:\/\/maper-safety.com\/tienda\/producto\/pertiga-aislante-multifuncion-para-maniobras-cabeza-fija-fameca\/","title":{"rendered":"P\u00e9rtiga Aislante Multifunci\u00f3n para Maniobras Cabeza Fija FAMECA"},"content":{"rendered":"","protected":false},"excerpt":{"rendered":"<p>P\u00e9rtiga Aislante Multifunci\u00f3n para Maniobras Cabeza Fija<br \/>\nFAMECA PXL1180C1<br \/>\nP\u00e9rtigas aislantes PXL, para maniobra el\u00e9ctrica y colocaci\u00f3n de dispositivos de puesta a tierra en las instalaciones el\u00e9ctricas de media tensi\u00f3n. Este material est\u00e1 dise\u00f1ado para trabajar con toda seguridad en las mismas instalaciones, tanto si est\u00e1n conectadas a corriente alterna o continua. Cabeza Fija.<\/p>\n","protected":false},"featured_media":5548,"comment_status":"open","ping_status":"closed","template":"","meta":{"site-sidebar-layout":"default","site-content-layout":"","ast-site-content-layout":"","site-content-style":"default","site-sidebar-style":"default","ast-global-header-display":"","ast-banner-title-visibility":"","ast-main-header-display":"","ast-hfb-above-header-display":"","ast-hfb-below-header-display":"","ast-hfb-mobile-header-display":"","site-post-title":"","ast-breadcrumbs-content":"","ast-featured-img":"","footer-sml-layout":"","theme-transparent-header-meta":"","adv-header-id-meta":"","stick-header-meta":"","header-above-stick-meta":"","header-main-stick-meta":"","header-below-stick-meta":"","astra-migrate-meta-layouts":"default","ast-page-background-enabled":"default","ast-page-background-meta":{"desktop":{"background-color":"","background-image":"","background-repeat":"repeat","background-position":"center center","background-size":"auto","background-attachment":"scroll","background-type":"","background-media":"","overlay-type":"","overlay-color":"","overlay-opacity":"","overlay-gradient":""},"tablet":{"background-color":"","background-image":"","background-repeat":"repeat","background-position":"center center","background-size":"auto","background-attachment":"scroll","background-type":"","background-media":"","overlay-type":"","overlay-color":"","overlay-opacity":"","overlay-gradient":""},"mobile":{"background-color":"","background-image":"","background-repeat":"repeat","background-position":"center center","background-size":"auto","background-attachment":"scroll","background-type":"","background-media":"","overlay-type":"","overlay-color":"","overlay-opacity":"","overlay-gradient":""}},"ast-content-background-meta":{"desktop":{"background-color":"var(--ast-global-color-5)","background-image":"","background-repeat":"repeat","background-position":"center center","background-size":"auto","background-attachment":"scroll","background-type":"","background-media":"","overlay-type":"","overlay-color":"","overlay-opacity":"","overlay-gradient":""},"tablet":{"background-color":"var(--ast-global-color-5)","background-image":"","background-repeat":"repeat","background-position":"center center","background-size":"auto","background-attachment":"scroll","background-type":"","background-media":"","overlay-type":"","overlay-color":"","overlay-opacity":"","overlay-gradient":""},"mobile":{"background-color":"var(--ast-global-color-5)","background-image":"","background-repeat":"repeat","background-position":"center center","background-size":"auto","background-attachment":"scroll","background-type":"","background-media":"","overlay-type":"","overlay-color":"","overlay-opacity":"","overlay-gradient":""}}},"product_brand":[],"product_cat":[89],"product_tag":[],"class_list":{"0":"post-6983","1":"product","2":"type-product","3":"status-publish","4":"has-post-thumbnail","6":"product_cat-emergencias","7":"desktop-align-center","8":"tablet-align-center","9":"mobile-align-center","11":"first","12":"instock","13":"purchasable","14":"product-type-simple"},"jetpack_sharing_enabled":true,"_links":{"self":[{"href":"https:\/\/maper-safety.com\/tienda\/wp-json\/wp\/v2\/product\/6983","targetHints":{"allow":["GET"]}}],"collection":[{"href":"https:\/\/maper-safety.com\/tienda\/wp-json\/wp\/v2\/product"}],"about":[{"href":"https:\/\/maper-safety.com\/tienda\/wp-json\/wp\/v2\/types\/product"}],"replies":[{"embeddable":true,"href":"https:\/\/maper-safety.com\/tienda\/wp-json\/wp\/v2\/comments?post=6983"}],"wp:featuredmedia":[{"embeddable":true,"href":"https:\/\/maper-safety.com\/tienda\/wp-json\/wp\/v2\/media\/5548"}],"wp:attachment":[{"href":"https:\/\/maper-safety.com\/tienda\/wp-json\/wp\/v2\/media?parent=6983"}],"wp:term":[{"taxonomy":"product_brand","embeddable":true,"href":"https:\/\/maper-safety.com\/tienda\/wp-json\/wp\/v2\/product_brand?post=6983"},{"taxonomy":"product_cat","embeddable":true,"href":"https:\/\/maper-safety.com\/tienda\/wp-json\/wp\/v2\/product_cat?post=6983"},{"taxonomy":"product_tag","embeddable":true,"href":"https:\/\/maper-safety.com\/tienda\/wp-json\/wp\/v2\/product_tag?post=6983"}],"curies":[{"name":"wp","href":"https:\/\/api.w.org\/{rel}","templated":true}]}}