{"id":6831,"date":"2023-08-28T09:25:30","date_gmt":"2023-08-28T14:25:30","guid":{"rendered":"https:\/\/maper-safety.com\/tienda\/?post_type=product&#038;p=6831"},"modified":"2023-08-28T09:25:32","modified_gmt":"2023-08-28T14:25:32","slug":"mascara-soldador-strong-welder-500-libus","status":"publish","type":"product","link":"https:\/\/maper-safety.com\/tienda\/producto\/mascara-soldador-strong-welder-500-libus\/","title":{"rendered":"M\u00c1SCARA SOLDADOR STRONG WELDER 500 LIBUS"},"content":{"rendered":"","protected":false},"excerpt":{"rendered":"<p>M\u00c1SCARA SOLDADOR STRONG WELDER 500<br \/>\n\u2713 M\u00e1scara de dise\u00f1o ergon\u00f3mico y liviano.Adaptable al casco.<br \/>\n\u2713 Cubrefiltro fabricado en PETG.<br \/>\n\u2713 Ranuras de ventilaci\u00f3n laterales para una r\u00e1pida liberaci\u00f3n del CO2 exhalado.<br \/>\n\u2713 Panel frontal reflectante del calor.<br \/>\n\u2713 Cobertura del cuello extendida.<br \/>\n\u2713 Bastidor portafiltro rebatible tipo \u201cflip-up\u201d.<br \/>\n\u2713 Filtro de grado fijo 50 x 105 mm (no provisto).<br \/>\n\u2713 Antecristal fabricado en PETG.<br \/>\n\u2713 Arn\u00e9s con regulaci\u00f3n a cremallera para ajuste a la cabeza y pin-lock para regulaci\u00f3n de luz vertical.<br \/>\n\u2713 Sudadera acolchada y absorbente.<br \/>\n\u2713 Removible y lavable<br \/>\n\u2713 Difusor de exhalaci\u00f3n. Reduce el empa\u00f1amiento del visor dirigiendo el aire exhalado hacia las ranuras de ventilaci\u00f3n.<br \/>\n\u2713 Mejora el confort disminuyendo la acumulaci\u00f3n del aire caliente y h\u00famedo dentro de la m\u00e1scara.<\/p>\n","protected":false},"featured_media":5700,"comment_status":"open","ping_status":"closed","template":"","meta":{"site-sidebar-layout":"default","site-content-layout":"","ast-site-content-layout":"","site-content-style":"default","site-sidebar-style":"default","ast-global-header-display":"","ast-banner-title-visibility":"","ast-main-header-display":"","ast-hfb-above-header-display":"","ast-hfb-below-header-display":"","ast-hfb-mobile-header-display":"","site-post-title":"","ast-breadcrumbs-content":"","ast-featured-img":"","footer-sml-layout":"","theme-transparent-header-meta":"","adv-header-id-meta":"","stick-header-meta":"","header-above-stick-meta":"","header-main-stick-meta":"","header-below-stick-meta":"","astra-migrate-meta-layouts":"default","ast-page-background-enabled":"default","ast-page-background-meta":{"desktop":{"background-color":"","background-image":"","background-repeat":"repeat","background-position":"center center","background-size":"auto","background-attachment":"scroll","background-type":"","background-media":"","overlay-type":"","overlay-color":"","overlay-opacity":"","overlay-gradient":""},"tablet":{"background-color":"","background-image":"","background-repeat":"repeat","background-position":"center center","background-size":"auto","background-attachment":"scroll","background-type":"","background-media":"","overlay-type":"","overlay-color":"","overlay-opacity":"","overlay-gradient":""},"mobile":{"background-color":"","background-image":"","background-repeat":"repeat","background-position":"center center","background-size":"auto","background-attachment":"scroll","background-type":"","background-media":"","overlay-type":"","overlay-color":"","overlay-opacity":"","overlay-gradient":""}},"ast-content-background-meta":{"desktop":{"background-color":"var(--ast-global-color-5)","background-image":"","background-repeat":"repeat","background-position":"center center","background-size":"auto","background-attachment":"scroll","background-type":"","background-media":"","overlay-type":"","overlay-color":"","overlay-opacity":"","overlay-gradient":""},"tablet":{"background-color":"var(--ast-global-color-5)","background-image":"","background-repeat":"repeat","background-position":"center center","background-size":"auto","background-attachment":"scroll","background-type":"","background-media":"","overlay-type":"","overlay-color":"","overlay-opacity":"","overlay-gradient":""},"mobile":{"background-color":"var(--ast-global-color-5)","background-image":"","background-repeat":"repeat","background-position":"center center","background-size":"auto","background-attachment":"scroll","background-type":"","background-media":"","overlay-type":"","overlay-color":"","overlay-opacity":"","overlay-gradient":""}}},"product_brand":[],"product_cat":[55],"product_tag":[],"class_list":{"0":"post-6831","1":"product","2":"type-product","3":"status-publish","4":"has-post-thumbnail","6":"product_cat-proteccion-facial","7":"desktop-align-center","8":"tablet-align-center","9":"mobile-align-center","11":"first","12":"instock","13":"purchasable","14":"product-type-simple"},"jetpack_sharing_enabled":true,"_links":{"self":[{"href":"https:\/\/maper-safety.com\/tienda\/wp-json\/wp\/v2\/product\/6831","targetHints":{"allow":["GET"]}}],"collection":[{"href":"https:\/\/maper-safety.com\/tienda\/wp-json\/wp\/v2\/product"}],"about":[{"href":"https:\/\/maper-safety.com\/tienda\/wp-json\/wp\/v2\/types\/product"}],"replies":[{"embeddable":true,"href":"https:\/\/maper-safety.com\/tienda\/wp-json\/wp\/v2\/comments?post=6831"}],"wp:featuredmedia":[{"embeddable":true,"href":"https:\/\/maper-safety.com\/tienda\/wp-json\/wp\/v2\/media\/5700"}],"wp:attachment":[{"href":"https:\/\/maper-safety.com\/tienda\/wp-json\/wp\/v2\/media?parent=6831"}],"wp:term":[{"taxonomy":"product_brand","embeddable":true,"href":"https:\/\/maper-safety.com\/tienda\/wp-json\/wp\/v2\/product_brand?post=6831"},{"taxonomy":"product_cat","embeddable":true,"href":"https:\/\/maper-safety.com\/tienda\/wp-json\/wp\/v2\/product_cat?post=6831"},{"taxonomy":"product_tag","embeddable":true,"href":"https:\/\/maper-safety.com\/tienda\/wp-json\/wp\/v2\/product_tag?post=6831"}],"curies":[{"name":"wp","href":"https:\/\/api.w.org\/{rel}","templated":true}]}}