{"id":6802,"date":"2023-08-28T09:25:26","date_gmt":"2023-08-28T14:25:26","guid":{"rendered":"https:\/\/maper-safety.com\/tienda\/?post_type=product&#038;p=6802"},"modified":"2023-09-04T00:58:53","modified_gmt":"2023-09-04T05:58:53","slug":"respirador-ffs990-cara-completa-air","status":"publish","type":"product","link":"https:\/\/maper-safety.com\/tienda\/producto\/respirador-ffs990-cara-completa-air\/","title":{"rendered":"RESPIRADOR  FFS990 CARA COMPLETA  AIR"},"content":{"rendered":"","protected":false},"excerpt":{"rendered":"<p>Sello facial, copa nasal y arne\u0301s de silicona.<br \/>\nVisor de policarbonato con tratamiento anti empan\u0303o y anti rayas.<br \/>\nVa\u0301lvula de exhalacio\u0301n MAX FLOW que reduce eficientemente la temperatura, humedad y contenido de CO2.<br \/>\nTallas: M y L<br \/>\nColor: Verde Musgo<br \/>\nPrincipales Sectores: Miner\u00eda, agroqu\u00edmica, farmac\u00e9utica e industria en general.<br \/>\nPrincipales Aplicaciones: Fundici\u00f3n, trabajos en esmeril, \u00e1reas de salud, lanzamiento de shotcrete, pintura, fumigaci\u00f3n y soldadura.<\/p>\n","protected":false},"featured_media":5730,"comment_status":"open","ping_status":"closed","template":"","meta":{"site-sidebar-layout":"default","site-content-layout":"default","ast-site-content-layout":"","site-content-style":"default","site-sidebar-style":"default","ast-global-header-display":"","ast-banner-title-visibility":"","ast-main-header-display":"","ast-hfb-above-header-display":"","ast-hfb-below-header-display":"","ast-hfb-mobile-header-display":"","site-post-title":"","ast-breadcrumbs-content":"","ast-featured-img":"","footer-sml-layout":"","theme-transparent-header-meta":"default","adv-header-id-meta":"","stick-header-meta":"","header-above-stick-meta":"","header-main-stick-meta":"","header-below-stick-meta":"","astra-migrate-meta-layouts":"default","ast-page-background-enabled":"default","ast-page-background-meta":{"desktop":{"background-color":"","background-image":"","background-repeat":"repeat","background-position":"center center","background-size":"auto","background-attachment":"scroll","background-type":"","background-media":"","overlay-type":"","overlay-color":"","overlay-opacity":"","overlay-gradient":""},"tablet":{"background-color":"","background-image":"","background-repeat":"repeat","background-position":"center center","background-size":"auto","background-attachment":"scroll","background-type":"","background-media":"","overlay-type":"","overlay-color":"","overlay-opacity":"","overlay-gradient":""},"mobile":{"background-color":"","background-image":"","background-repeat":"repeat","background-position":"center center","background-size":"auto","background-attachment":"scroll","background-type":"","background-media":"","overlay-type":"","overlay-color":"","overlay-opacity":"","overlay-gradient":""}},"ast-content-background-meta":{"desktop":{"background-color":"var(--ast-global-color-5)","background-image":"","background-repeat":"repeat","background-position":"center center","background-size":"auto","background-attachment":"scroll","background-type":"","background-media":"","overlay-type":"","overlay-color":"","overlay-opacity":"","overlay-gradient":""},"tablet":{"background-color":"var(--ast-global-color-5)","background-image":"","background-repeat":"repeat","background-position":"center center","background-size":"auto","background-attachment":"scroll","background-type":"","background-media":"","overlay-type":"","overlay-color":"","overlay-opacity":"","overlay-gradient":""},"mobile":{"background-color":"var(--ast-global-color-5)","background-image":"","background-repeat":"repeat","background-position":"center center","background-size":"auto","background-attachment":"scroll","background-type":"","background-media":"","overlay-type":"","overlay-color":"","overlay-opacity":"","overlay-gradient":""}}},"product_brand":[],"product_cat":[53],"product_tag":[],"class_list":{"0":"post-6802","1":"product","2":"type-product","3":"status-publish","4":"has-post-thumbnail","6":"product_cat-proteccion-respiratoria","7":"desktop-align-center","8":"tablet-align-center","9":"mobile-align-center","11":"first","12":"instock","13":"purchasable","14":"product-type-simple"},"jetpack_sharing_enabled":true,"_links":{"self":[{"href":"https:\/\/maper-safety.com\/tienda\/wp-json\/wp\/v2\/product\/6802","targetHints":{"allow":["GET"]}}],"collection":[{"href":"https:\/\/maper-safety.com\/tienda\/wp-json\/wp\/v2\/product"}],"about":[{"href":"https:\/\/maper-safety.com\/tienda\/wp-json\/wp\/v2\/types\/product"}],"replies":[{"embeddable":true,"href":"https:\/\/maper-safety.com\/tienda\/wp-json\/wp\/v2\/comments?post=6802"}],"wp:featuredmedia":[{"embeddable":true,"href":"https:\/\/maper-safety.com\/tienda\/wp-json\/wp\/v2\/media\/5730"}],"wp:attachment":[{"href":"https:\/\/maper-safety.com\/tienda\/wp-json\/wp\/v2\/media?parent=6802"}],"wp:term":[{"taxonomy":"product_brand","embeddable":true,"href":"https:\/\/maper-safety.com\/tienda\/wp-json\/wp\/v2\/product_brand?post=6802"},{"taxonomy":"product_cat","embeddable":true,"href":"https:\/\/maper-safety.com\/tienda\/wp-json\/wp\/v2\/product_cat?post=6802"},{"taxonomy":"product_tag","embeddable":true,"href":"https:\/\/maper-safety.com\/tienda\/wp-json\/wp\/v2\/product_tag?post=6802"}],"curies":[{"name":"wp","href":"https:\/\/api.w.org\/{rel}","templated":true}]}}