{"id":6791,"date":"2023-08-28T09:25:21","date_gmt":"2023-08-28T14:25:21","guid":{"rendered":"https:\/\/maper-safety.com\/tienda\/?post_type=product&#038;p=6791"},"modified":"2023-09-04T00:40:15","modified_gmt":"2023-09-04T05:40:15","slug":"respirador-8247-3m","status":"publish","type":"product","link":"https:\/\/maper-safety.com\/tienda\/producto\/respirador-8247-3m\/","title":{"rendered":"RESPIRADOR 8247  3M"},"content":{"rendered":"","protected":false},"excerpt":{"rendered":"<p>El respirador libre de mantenimiento 3M 8247 brinda una<br \/>\nefectiva, confortable e higi\u00e9nica protecci\u00f3n respiratoria<br \/>\ncontra polvos, humos y neblinas con o sin aceite.<br \/>\nEs fabricado con un Medio Filtrante Electrost\u00e1tico<br \/>\nAvanzado, novedoso sistema de retenci\u00f3n de part\u00edculas que<br \/>\npermite mayor eficiencia del filtro, con menor ca\u00edda de<br \/>\npresi\u00f3n. Su forma convexa, el dise\u00f1o de sus bandas el\u00e1sticas<br \/>\ny el clip de aluminio para el ajuste a la nariz; aseguran un<br \/>\nexcelente sello, adapt\u00e1ndose a un amplio rango de tama\u00f1os<br \/>\nde cara.<br \/>\nEl respirador 3M 8247 ha sido dise\u00f1ado para trabajar en<br \/>\n\u00e1reas donde hay presencia de niveles molestos de vapores<br \/>\norg\u00e1nicos porque cuenta con un Medio Filtrante<br \/>\nRemovedor de Olores. Cintas el\u00e1sticas: Elast\u00f3mero color blanco<br \/>\nClip met\u00e1lico: Aluminio<br \/>\nElemento filtrante: Tela no tejida de polipropileno<br \/>\ny poli\u00e9ster. Carb\u00f3n activado.<br \/>\nColor: Gris<\/p>\n","protected":false},"featured_media":5741,"comment_status":"open","ping_status":"closed","template":"","meta":{"site-sidebar-layout":"default","site-content-layout":"default","ast-site-content-layout":"","site-content-style":"default","site-sidebar-style":"default","ast-global-header-display":"","ast-banner-title-visibility":"","ast-main-header-display":"","ast-hfb-above-header-display":"","ast-hfb-below-header-display":"","ast-hfb-mobile-header-display":"","site-post-title":"","ast-breadcrumbs-content":"","ast-featured-img":"","footer-sml-layout":"","theme-transparent-header-meta":"default","adv-header-id-meta":"","stick-header-meta":"","header-above-stick-meta":"","header-main-stick-meta":"","header-below-stick-meta":"","astra-migrate-meta-layouts":"default","ast-page-background-enabled":"default","ast-page-background-meta":{"desktop":{"background-color":"","background-image":"","background-repeat":"repeat","background-position":"center center","background-size":"auto","background-attachment":"scroll","background-type":"","background-media":"","overlay-type":"","overlay-color":"","overlay-opacity":"","overlay-gradient":""},"tablet":{"background-color":"","background-image":"","background-repeat":"repeat","background-position":"center center","background-size":"auto","background-attachment":"scroll","background-type":"","background-media":"","overlay-type":"","overlay-color":"","overlay-opacity":"","overlay-gradient":""},"mobile":{"background-color":"","background-image":"","background-repeat":"repeat","background-position":"center center","background-size":"auto","background-attachment":"scroll","background-type":"","background-media":"","overlay-type":"","overlay-color":"","overlay-opacity":"","overlay-gradient":""}},"ast-content-background-meta":{"desktop":{"background-color":"var(--ast-global-color-5)","background-image":"","background-repeat":"repeat","background-position":"center center","background-size":"auto","background-attachment":"scroll","background-type":"","background-media":"","overlay-type":"","overlay-color":"","overlay-opacity":"","overlay-gradient":""},"tablet":{"background-color":"var(--ast-global-color-5)","background-image":"","background-repeat":"repeat","background-position":"center center","background-size":"auto","background-attachment":"scroll","background-type":"","background-media":"","overlay-type":"","overlay-color":"","overlay-opacity":"","overlay-gradient":""},"mobile":{"background-color":"var(--ast-global-color-5)","background-image":"","background-repeat":"repeat","background-position":"center center","background-size":"auto","background-attachment":"scroll","background-type":"","background-media":"","overlay-type":"","overlay-color":"","overlay-opacity":"","overlay-gradient":""}}},"product_brand":[],"product_cat":[53],"product_tag":[],"class_list":{"0":"post-6791","1":"product","2":"type-product","3":"status-publish","4":"has-post-thumbnail","6":"product_cat-proteccion-respiratoria","7":"desktop-align-center","8":"tablet-align-center","9":"mobile-align-center","11":"first","12":"instock","13":"purchasable","14":"product-type-simple"},"jetpack_sharing_enabled":true,"_links":{"self":[{"href":"https:\/\/maper-safety.com\/tienda\/wp-json\/wp\/v2\/product\/6791","targetHints":{"allow":["GET"]}}],"collection":[{"href":"https:\/\/maper-safety.com\/tienda\/wp-json\/wp\/v2\/product"}],"about":[{"href":"https:\/\/maper-safety.com\/tienda\/wp-json\/wp\/v2\/types\/product"}],"replies":[{"embeddable":true,"href":"https:\/\/maper-safety.com\/tienda\/wp-json\/wp\/v2\/comments?post=6791"}],"wp:featuredmedia":[{"embeddable":true,"href":"https:\/\/maper-safety.com\/tienda\/wp-json\/wp\/v2\/media\/5741"}],"wp:attachment":[{"href":"https:\/\/maper-safety.com\/tienda\/wp-json\/wp\/v2\/media?parent=6791"}],"wp:term":[{"taxonomy":"product_brand","embeddable":true,"href":"https:\/\/maper-safety.com\/tienda\/wp-json\/wp\/v2\/product_brand?post=6791"},{"taxonomy":"product_cat","embeddable":true,"href":"https:\/\/maper-safety.com\/tienda\/wp-json\/wp\/v2\/product_cat?post=6791"},{"taxonomy":"product_tag","embeddable":true,"href":"https:\/\/maper-safety.com\/tienda\/wp-json\/wp\/v2\/product_tag?post=6791"}],"curies":[{"name":"wp","href":"https:\/\/api.w.org\/{rel}","templated":true}]}}