{"id":6789,"date":"2023-08-28T09:25:21","date_gmt":"2023-08-28T14:25:21","guid":{"rendered":"https:\/\/maper-safety.com\/tienda\/?post_type=product&#038;p=6789"},"modified":"2023-09-04T00:36:21","modified_gmt":"2023-09-04T05:36:21","slug":"respirador-8210-n95-3m","status":"publish","type":"product","link":"https:\/\/maper-safety.com\/tienda\/producto\/respirador-8210-n95-3m\/","title":{"rendered":"RESPIRADOR 8210 (N95) 3M"},"content":{"rendered":"","protected":false},"excerpt":{"rendered":"<p>El respirador libre de mantenimiento 3M 8210 brinda una<br \/>\nefectiva, confortable e higi\u00e9nica protecci\u00f3n respiratoria<br \/>\ncontra part\u00edculas s\u00f3lidas y l\u00edquidas sin aceite. Es fabricado<br \/>\ncon un Medio Filtrante Electrost\u00e1tico Avanzado, novedoso<br \/>\nsistema de retenci\u00f3n de part\u00edculas que permite mayor<br \/>\neficiencia del filtro con menor ca\u00edda de presi\u00f3n. Su forma<br \/>\nconvexa, el dise\u00f1o de sus bandas el\u00e1sticas, la espuma de<br \/>\nsellado y el clip de aluminio para el ajuste a la nariz<br \/>\naseguran un excelente sello adapt\u00e1ndose a un amplio rango<br \/>\nde tama\u00f1os de cara<\/p>\n","protected":false},"featured_media":5743,"comment_status":"open","ping_status":"closed","template":"","meta":{"site-sidebar-layout":"default","site-content-layout":"default","ast-site-content-layout":"","site-content-style":"default","site-sidebar-style":"default","ast-global-header-display":"","ast-banner-title-visibility":"","ast-main-header-display":"","ast-hfb-above-header-display":"","ast-hfb-below-header-display":"","ast-hfb-mobile-header-display":"","site-post-title":"","ast-breadcrumbs-content":"","ast-featured-img":"","footer-sml-layout":"","theme-transparent-header-meta":"default","adv-header-id-meta":"","stick-header-meta":"","header-above-stick-meta":"","header-main-stick-meta":"","header-below-stick-meta":"","astra-migrate-meta-layouts":"default","ast-page-background-enabled":"default","ast-page-background-meta":{"desktop":{"background-color":"","background-image":"","background-repeat":"repeat","background-position":"center center","background-size":"auto","background-attachment":"scroll","background-type":"","background-media":"","overlay-type":"","overlay-color":"","overlay-opacity":"","overlay-gradient":""},"tablet":{"background-color":"","background-image":"","background-repeat":"repeat","background-position":"center center","background-size":"auto","background-attachment":"scroll","background-type":"","background-media":"","overlay-type":"","overlay-color":"","overlay-opacity":"","overlay-gradient":""},"mobile":{"background-color":"","background-image":"","background-repeat":"repeat","background-position":"center center","background-size":"auto","background-attachment":"scroll","background-type":"","background-media":"","overlay-type":"","overlay-color":"","overlay-opacity":"","overlay-gradient":""}},"ast-content-background-meta":{"desktop":{"background-color":"var(--ast-global-color-5)","background-image":"","background-repeat":"repeat","background-position":"center center","background-size":"auto","background-attachment":"scroll","background-type":"","background-media":"","overlay-type":"","overlay-color":"","overlay-opacity":"","overlay-gradient":""},"tablet":{"background-color":"var(--ast-global-color-5)","background-image":"","background-repeat":"repeat","background-position":"center center","background-size":"auto","background-attachment":"scroll","background-type":"","background-media":"","overlay-type":"","overlay-color":"","overlay-opacity":"","overlay-gradient":""},"mobile":{"background-color":"var(--ast-global-color-5)","background-image":"","background-repeat":"repeat","background-position":"center center","background-size":"auto","background-attachment":"scroll","background-type":"","background-media":"","overlay-type":"","overlay-color":"","overlay-opacity":"","overlay-gradient":""}}},"product_brand":[],"product_cat":[53],"product_tag":[],"class_list":{"0":"post-6789","1":"product","2":"type-product","3":"status-publish","4":"has-post-thumbnail","6":"product_cat-proteccion-respiratoria","7":"desktop-align-center","8":"tablet-align-center","9":"mobile-align-center","11":"first","12":"instock","13":"purchasable","14":"product-type-simple"},"jetpack_sharing_enabled":true,"_links":{"self":[{"href":"https:\/\/maper-safety.com\/tienda\/wp-json\/wp\/v2\/product\/6789","targetHints":{"allow":["GET"]}}],"collection":[{"href":"https:\/\/maper-safety.com\/tienda\/wp-json\/wp\/v2\/product"}],"about":[{"href":"https:\/\/maper-safety.com\/tienda\/wp-json\/wp\/v2\/types\/product"}],"replies":[{"embeddable":true,"href":"https:\/\/maper-safety.com\/tienda\/wp-json\/wp\/v2\/comments?post=6789"}],"wp:featuredmedia":[{"embeddable":true,"href":"https:\/\/maper-safety.com\/tienda\/wp-json\/wp\/v2\/media\/5743"}],"wp:attachment":[{"href":"https:\/\/maper-safety.com\/tienda\/wp-json\/wp\/v2\/media?parent=6789"}],"wp:term":[{"taxonomy":"product_brand","embeddable":true,"href":"https:\/\/maper-safety.com\/tienda\/wp-json\/wp\/v2\/product_brand?post=6789"},{"taxonomy":"product_cat","embeddable":true,"href":"https:\/\/maper-safety.com\/tienda\/wp-json\/wp\/v2\/product_cat?post=6789"},{"taxonomy":"product_tag","embeddable":true,"href":"https:\/\/maper-safety.com\/tienda\/wp-json\/wp\/v2\/product_tag?post=6789"}],"curies":[{"name":"wp","href":"https:\/\/api.w.org\/{rel}","templated":true}]}}