{"id":6783,"date":"2023-08-28T09:25:20","date_gmt":"2023-08-28T14:25:20","guid":{"rendered":"https:\/\/maper-safety.com\/tienda\/?post_type=product&#038;p=6783"},"modified":"2023-09-04T00:26:53","modified_gmt":"2023-09-04T05:26:53","slug":"filtro-de-particulas-d3097-p100-3m-secure-click","status":"publish","type":"product","link":"https:\/\/maper-safety.com\/tienda\/producto\/filtro-de-particulas-d3097-p100-3m-secure-click\/","title":{"rendered":"FILTRO DE PART\u00cdCULAS D3097 P100 3M SECURE CLICK"},"content":{"rendered":"","protected":false},"excerpt":{"rendered":"<p>Filtro de part\u00edculas D3097 P100 para respiradores reutilizables Secure Click de 3M, efectivo para el alivio de vapores org\u00e1nicos de nivel perjudicial, as\u00ed como para la protecci\u00f3n de ozono de hasta 10 veces, lo permisible seg\u00fan OSHA.<br \/>\nAlivio de vapores org\u00e1nicos de nivel perjudicial<br \/>\nPara uso con respiradores reusables 3M Secure Click Serie 800<br \/>\nAprobado por NIOSH contra part\u00edculas<br \/>\nDe conexi\u00f3n f\u00e1cil y r\u00e1pida<\/p>\n","protected":false},"featured_media":5749,"comment_status":"open","ping_status":"closed","template":"","meta":{"site-sidebar-layout":"default","site-content-layout":"default","ast-site-content-layout":"","site-content-style":"default","site-sidebar-style":"default","ast-global-header-display":"","ast-banner-title-visibility":"","ast-main-header-display":"","ast-hfb-above-header-display":"","ast-hfb-below-header-display":"","ast-hfb-mobile-header-display":"","site-post-title":"","ast-breadcrumbs-content":"","ast-featured-img":"","footer-sml-layout":"","theme-transparent-header-meta":"default","adv-header-id-meta":"","stick-header-meta":"","header-above-stick-meta":"","header-main-stick-meta":"","header-below-stick-meta":"","astra-migrate-meta-layouts":"default","ast-page-background-enabled":"default","ast-page-background-meta":{"desktop":{"background-color":"","background-image":"","background-repeat":"repeat","background-position":"center center","background-size":"auto","background-attachment":"scroll","background-type":"","background-media":"","overlay-type":"","overlay-color":"","overlay-opacity":"","overlay-gradient":""},"tablet":{"background-color":"","background-image":"","background-repeat":"repeat","background-position":"center center","background-size":"auto","background-attachment":"scroll","background-type":"","background-media":"","overlay-type":"","overlay-color":"","overlay-opacity":"","overlay-gradient":""},"mobile":{"background-color":"","background-image":"","background-repeat":"repeat","background-position":"center center","background-size":"auto","background-attachment":"scroll","background-type":"","background-media":"","overlay-type":"","overlay-color":"","overlay-opacity":"","overlay-gradient":""}},"ast-content-background-meta":{"desktop":{"background-color":"var(--ast-global-color-5)","background-image":"","background-repeat":"repeat","background-position":"center center","background-size":"auto","background-attachment":"scroll","background-type":"","background-media":"","overlay-type":"","overlay-color":"","overlay-opacity":"","overlay-gradient":""},"tablet":{"background-color":"var(--ast-global-color-5)","background-image":"","background-repeat":"repeat","background-position":"center center","background-size":"auto","background-attachment":"scroll","background-type":"","background-media":"","overlay-type":"","overlay-color":"","overlay-opacity":"","overlay-gradient":""},"mobile":{"background-color":"var(--ast-global-color-5)","background-image":"","background-repeat":"repeat","background-position":"center center","background-size":"auto","background-attachment":"scroll","background-type":"","background-media":"","overlay-type":"","overlay-color":"","overlay-opacity":"","overlay-gradient":""}}},"product_brand":[],"product_cat":[53],"product_tag":[],"class_list":{"0":"post-6783","1":"product","2":"type-product","3":"status-publish","4":"has-post-thumbnail","6":"product_cat-proteccion-respiratoria","7":"desktop-align-center","8":"tablet-align-center","9":"mobile-align-center","11":"first","12":"instock","13":"purchasable","14":"product-type-simple"},"jetpack_sharing_enabled":true,"_links":{"self":[{"href":"https:\/\/maper-safety.com\/tienda\/wp-json\/wp\/v2\/product\/6783","targetHints":{"allow":["GET"]}}],"collection":[{"href":"https:\/\/maper-safety.com\/tienda\/wp-json\/wp\/v2\/product"}],"about":[{"href":"https:\/\/maper-safety.com\/tienda\/wp-json\/wp\/v2\/types\/product"}],"replies":[{"embeddable":true,"href":"https:\/\/maper-safety.com\/tienda\/wp-json\/wp\/v2\/comments?post=6783"}],"wp:featuredmedia":[{"embeddable":true,"href":"https:\/\/maper-safety.com\/tienda\/wp-json\/wp\/v2\/media\/5749"}],"wp:attachment":[{"href":"https:\/\/maper-safety.com\/tienda\/wp-json\/wp\/v2\/media?parent=6783"}],"wp:term":[{"taxonomy":"product_brand","embeddable":true,"href":"https:\/\/maper-safety.com\/tienda\/wp-json\/wp\/v2\/product_brand?post=6783"},{"taxonomy":"product_cat","embeddable":true,"href":"https:\/\/maper-safety.com\/tienda\/wp-json\/wp\/v2\/product_cat?post=6783"},{"taxonomy":"product_tag","embeddable":true,"href":"https:\/\/maper-safety.com\/tienda\/wp-json\/wp\/v2\/product_tag?post=6783"}],"curies":[{"name":"wp","href":"https:\/\/api.w.org\/{rel}","templated":true}]}}