{"id":6777,"date":"2023-08-28T09:25:19","date_gmt":"2023-08-28T14:25:19","guid":{"rendered":"https:\/\/maper-safety.com\/tienda\/?post_type=product&#038;p=6777"},"modified":"2023-09-03T23:44:38","modified_gmt":"2023-09-04T04:44:38","slug":"filtro-2091-p100-3m","status":"publish","type":"product","link":"https:\/\/maper-safety.com\/tienda\/producto\/filtro-2091-p100-3m\/","title":{"rendered":"FILTRO  2091 (P100) 3M"},"content":{"rendered":"","protected":false},"excerpt":{"rendered":"<p>Los filtros 2091 pueden ser utilizados con los respiradores<br \/>\n7500, 7800, FX FF-400 y Serie 6000 de 3M, a su vez est\u00e1n<br \/>\naprobados para la protecci\u00f3n contra polvos, humos<br \/>\nmet\u00e1licos y neblinas con o sin aceite. Se fabrican con un<br \/>\nMedio Filtrante Electrost\u00e1tico Avanzado, novedoso<br \/>\nsistema de retenci\u00f3n de part\u00edculas que permite mayor<br \/>\neficiencia del filtro con menor ca\u00edda de presi\u00f3n. ++ Certificado por el Instituto NIOSH de Estados Unidos<br \/>\n(National Institute for Occupational Safety And Health) bajo<br \/>\nla especificaci\u00f3n P100 de la norma 42CFR84.<br \/>\nAprobado para protecci\u00f3n respiratoria contra polvos<br \/>\n(incluyendo carb\u00f3n, algod\u00f3n, aluminio, trigo, hierro y s\u00edlice<br \/>\nlibre, producidos principalmente por la desintegraci\u00f3n de<br \/>\ns\u00f3lidos durante procesos industriales tales como:<br \/>\nesmerilado, lijado, trituraci\u00f3n y procesamiento de minerales<br \/>\ny otros materiales) y neblinas a base de l\u00edquidos con o sin<br \/>\naceites<\/p>\n","protected":false},"featured_media":5755,"comment_status":"open","ping_status":"closed","template":"","meta":{"site-sidebar-layout":"default","site-content-layout":"default","ast-site-content-layout":"","site-content-style":"default","site-sidebar-style":"default","ast-global-header-display":"","ast-banner-title-visibility":"","ast-main-header-display":"","ast-hfb-above-header-display":"","ast-hfb-below-header-display":"","ast-hfb-mobile-header-display":"","site-post-title":"","ast-breadcrumbs-content":"","ast-featured-img":"","footer-sml-layout":"","theme-transparent-header-meta":"default","adv-header-id-meta":"","stick-header-meta":"","header-above-stick-meta":"","header-main-stick-meta":"","header-below-stick-meta":"","astra-migrate-meta-layouts":"default","ast-page-background-enabled":"default","ast-page-background-meta":{"desktop":{"background-color":"","background-image":"","background-repeat":"repeat","background-position":"center center","background-size":"auto","background-attachment":"scroll","background-type":"","background-media":"","overlay-type":"","overlay-color":"","overlay-opacity":"","overlay-gradient":""},"tablet":{"background-color":"","background-image":"","background-repeat":"repeat","background-position":"center center","background-size":"auto","background-attachment":"scroll","background-type":"","background-media":"","overlay-type":"","overlay-color":"","overlay-opacity":"","overlay-gradient":""},"mobile":{"background-color":"","background-image":"","background-repeat":"repeat","background-position":"center center","background-size":"auto","background-attachment":"scroll","background-type":"","background-media":"","overlay-type":"","overlay-color":"","overlay-opacity":"","overlay-gradient":""}},"ast-content-background-meta":{"desktop":{"background-color":"var(--ast-global-color-5)","background-image":"","background-repeat":"repeat","background-position":"center center","background-size":"auto","background-attachment":"scroll","background-type":"","background-media":"","overlay-type":"","overlay-color":"","overlay-opacity":"","overlay-gradient":""},"tablet":{"background-color":"var(--ast-global-color-5)","background-image":"","background-repeat":"repeat","background-position":"center center","background-size":"auto","background-attachment":"scroll","background-type":"","background-media":"","overlay-type":"","overlay-color":"","overlay-opacity":"","overlay-gradient":""},"mobile":{"background-color":"var(--ast-global-color-5)","background-image":"","background-repeat":"repeat","background-position":"center center","background-size":"auto","background-attachment":"scroll","background-type":"","background-media":"","overlay-type":"","overlay-color":"","overlay-opacity":"","overlay-gradient":""}}},"product_brand":[],"product_cat":[53],"product_tag":[],"class_list":{"0":"post-6777","1":"product","2":"type-product","3":"status-publish","4":"has-post-thumbnail","6":"product_cat-proteccion-respiratoria","7":"desktop-align-center","8":"tablet-align-center","9":"mobile-align-center","11":"first","12":"instock","13":"purchasable","14":"product-type-simple"},"jetpack_sharing_enabled":true,"_links":{"self":[{"href":"https:\/\/maper-safety.com\/tienda\/wp-json\/wp\/v2\/product\/6777","targetHints":{"allow":["GET"]}}],"collection":[{"href":"https:\/\/maper-safety.com\/tienda\/wp-json\/wp\/v2\/product"}],"about":[{"href":"https:\/\/maper-safety.com\/tienda\/wp-json\/wp\/v2\/types\/product"}],"replies":[{"embeddable":true,"href":"https:\/\/maper-safety.com\/tienda\/wp-json\/wp\/v2\/comments?post=6777"}],"wp:featuredmedia":[{"embeddable":true,"href":"https:\/\/maper-safety.com\/tienda\/wp-json\/wp\/v2\/media\/5755"}],"wp:attachment":[{"href":"https:\/\/maper-safety.com\/tienda\/wp-json\/wp\/v2\/media?parent=6777"}],"wp:term":[{"taxonomy":"product_brand","embeddable":true,"href":"https:\/\/maper-safety.com\/tienda\/wp-json\/wp\/v2\/product_brand?post=6777"},{"taxonomy":"product_cat","embeddable":true,"href":"https:\/\/maper-safety.com\/tienda\/wp-json\/wp\/v2\/product_cat?post=6777"},{"taxonomy":"product_tag","embeddable":true,"href":"https:\/\/maper-safety.com\/tienda\/wp-json\/wp\/v2\/product_tag?post=6777"}],"curies":[{"name":"wp","href":"https:\/\/api.w.org\/{rel}","templated":true}]}}